{"id":9,"date":"2023-10-27T08:03:05","date_gmt":"2023-10-27T08:03:05","guid":{"rendered":"https:\/\/strandhugget.com\/?page_id=9"},"modified":"2024-11-12T19:03:41","modified_gmt":"2024-11-12T18:03:41","slug":"vatten-avlopp","status":"publish","type":"page","link":"https:\/\/strandhugget.com\/?page_id=9","title":{"rendered":"Samf\u00e4llighet f\u00f6r vatten och avlopp"},"content":{"rendered":"\n<p>Gemensamhetsanl\u00e4ggningen bildades 2001 och best\u00e5r av:<\/p>\n\n\n\n<ul class=\"wp-block-list\">\n<li>Vatten- och avloppsledningar<\/li>\n\n\n\n<li>Erforderliga pumpar med elanslutning<\/li>\n\n\n\n<li>Tillbeh\u00f6r till ledningar s\u00e5som brunnar, ventiler mm<\/li>\n<\/ul>\n\n\n\n<p>VA-f\u00f6reningen ansvarar f\u00f6r driften av v\u00e5ra anl\u00e4ggningar som medlemmarna \u00e4ger.<br>Vattnet \u00e4r det kommunala dricksvattnet och vi f\u00f6ljer kommunens VA taxa. Varje<br>fastighets\u00e4gare betalar en fast avgift samt en r\u00f6rlig del f\u00f6r f\u00f6rbrukad kubikmeter<br>vatten tv\u00e5 g\u00e5nger per \u00e5r. D\u00e5 Glan som ligger precis vid v\u00e5ra anl\u00e4ggningar \u00e4r<br>Norrk\u00f6ping kommuns dricksvattent\u00e4kt har medlemmarna ett s\u00e4rskilt ansvar att se till s\u00e5 inte v\u00e5ra pumpar br\u00e4ddar \u00f6ver. F\u00f6reningen har idag 116 medlemmar. Medlemmar f\u00f6rv\u00e4ntas n\u00e4rvara vid \u00e5rsm\u00f6ten d\u00e4r beslut om avgifter, \u00e5tg\u00e4rder med mera fattas.<\/p>\n\n\n\n<p>F\u00f6r att komma i kontakt med styrelsen <a href=\"mailto:va.strandhugget@gmail.com\">klicka h\u00e4r.<\/a><\/p>\n\n\n\n<figure class=\"wp-block-image size-full\"><img loading=\"lazy\" decoding=\"async\" width=\"960\" height=\"540\" src=\"https:\/\/strandhugget.com\/wp-content\/uploads\/2024\/11\/Pumpst.-larmar.jpg\" alt=\"\" class=\"wp-image-103\" srcset=\"https:\/\/strandhugget.com\/wp-content\/uploads\/2024\/11\/Pumpst.-larmar.jpg 960w, https:\/\/strandhugget.com\/wp-content\/uploads\/2024\/11\/Pumpst.-larmar-300x169.jpg 300w, https:\/\/strandhugget.com\/wp-content\/uploads\/2024\/11\/Pumpst.-larmar-768x432.jpg 768w\" sizes=\"auto, (max-width: 960px) 100vw, 960px\" \/><\/figure>\n\n\n\n<div class=\"wp-block-columns is-layout-flex wp-container-core-columns-is-layout-28f84493 wp-block-columns-is-layout-flex\">\n<div class=\"wp-block-column is-layout-flow wp-block-column-is-layout-flow\"><ul class=\"wp-block-latest-posts__list has-dates has-author wp-block-latest-posts\"><\/ul><\/div>\n<\/div>\n","protected":false},"excerpt":{"rendered":"<p>Gemensamhetsanl\u00e4ggningen bildades 2001 och best\u00e5r av: VA-f\u00f6reningen ansvarar f\u00f6r driften av v\u00e5ra anl\u00e4ggningar som medlemmarna \u00e4ger.Vattnet \u00e4r det kommunala dricksvattnet och vi f\u00f6ljer kommunens VA taxa. Varjefastighets\u00e4gare betalar en fast [&hellip;]<\/p>\n","protected":false},"author":1,"featured_media":0,"parent":0,"menu_order":0,"comment_status":"closed","ping_status":"closed","template":"","meta":{"_EventAllDay":false,"_EventTimezone":"","_EventStartDate":"","_EventEndDate":"","_EventStartDateUTC":"","_EventEndDateUTC":"","_EventShowMap":false,"_EventShowMapLink":false,"_EventURL":"","_EventCost":"","_EventCostDescription":"","_EventCurrencySymbol":"","_EventCurrencyCode":"","_EventCurrencyPosition":"","_EventDateTimeSeparator":"","_EventTimeRangeSeparator":"","_EventOrganizerID":[],"_EventVenueID":[],"_OrganizerEmail":"","_OrganizerPhone":"","_OrganizerWebsite":"","_VenueAddress":"","_VenueCity":"","_VenueCountry":"","_VenueProvince":"","_VenueState":"","_VenueZip":"","_VenuePhone":"","_VenueURL":"","_VenueStateProvince":"","_VenueLat":"","_VenueLng":"","_VenueShowMap":false,"_VenueShowMapLink":false,"footnotes":""},"class_list":["post-9","page","type-page","status-publish","hentry"],"_links":{"self":[{"href":"https:\/\/strandhugget.com\/index.php?rest_route=\/wp\/v2\/pages\/9","targetHints":{"allow":["GET"]}}],"collection":[{"href":"https:\/\/strandhugget.com\/index.php?rest_route=\/wp\/v2\/pages"}],"about":[{"href":"https:\/\/strandhugget.com\/index.php?rest_route=\/wp\/v2\/types\/page"}],"author":[{"embeddable":true,"href":"https:\/\/strandhugget.com\/index.php?rest_route=\/wp\/v2\/users\/1"}],"replies":[{"embeddable":true,"href":"https:\/\/strandhugget.com\/index.php?rest_route=%2Fwp%2Fv2%2Fcomments&post=9"}],"version-history":[{"count":8,"href":"https:\/\/strandhugget.com\/index.php?rest_route=\/wp\/v2\/pages\/9\/revisions"}],"predecessor-version":[{"id":119,"href":"https:\/\/strandhugget.com\/index.php?rest_route=\/wp\/v2\/pages\/9\/revisions\/119"}],"wp:attachment":[{"href":"https:\/\/strandhugget.com\/index.php?rest_route=%2Fwp%2Fv2%2Fmedia&parent=9"}],"curies":[{"name":"wp","href":"https:\/\/api.w.org\/{rel}","templated":true}]}}