{"id":17,"date":"2023-10-27T08:07:23","date_gmt":"2023-10-27T08:07:23","guid":{"rendered":"https:\/\/strandhugget.com\/?page_id=17"},"modified":"2024-11-12T19:22:31","modified_gmt":"2024-11-12T18:22:31","slug":"fritidsforeningen","status":"publish","type":"page","link":"https:\/\/strandhugget.com\/?page_id=17","title":{"rendered":"Fritidsf\u00f6reningen"},"content":{"rendered":"\n<div class=\"wp-block-columns is-layout-flex wp-container-core-columns-is-layout-28f84493 wp-block-columns-is-layout-flex\">\n<div class=\"wp-block-column is-layout-flow wp-block-column-is-layout-flow\" style=\"flex-basis:100%\">\n<div class=\"wp-block-group has-global-padding is-layout-constrained wp-block-group-is-layout-constrained\">\n<p>En ideell f\u00f6rening som skapar gemenskap och trivsel i omr\u00e5det. F\u00f6reningen ansvarar f\u00f6r sk\u00f6tsel av festplats samt badplats. Midsommarfirandet med dans runt st\u00e5ngen och lotterier \u00e4r en fin tradition som str\u00e4cker sig l\u00e5ngt bak\u00e5t i tiden. H\u00e4r f\u00f6rv\u00e4ntas medlemmarna att hugga i n\u00e4r badbryggor ska i och upp ur sj\u00f6n samt bidrar med att h\u00e5lla rent och fint i v\u00e5r milj\u00f6. Fritidsf\u00f6reningen hyr ut partyt\u00e4lt, bord samt festplatsen med dansbana mot en f\u00f6rm\u00e5nlig kostnad till sina medlemmar. F\u00f6reningen har idag 110 medlemmar.<\/p>\n\n\n\n<figure class=\"wp-block-image size-large is-resized\"><img loading=\"lazy\" decoding=\"async\" width=\"768\" height=\"1024\" src=\"https:\/\/strandhugget.com\/wp-content\/uploads\/2024\/11\/Midsommar-FB-768x1024.jpg\" alt=\"\" class=\"wp-image-98\" style=\"width:647px;height:auto\" srcset=\"https:\/\/strandhugget.com\/wp-content\/uploads\/2024\/11\/Midsommar-FB-768x1024.jpg 768w, https:\/\/strandhugget.com\/wp-content\/uploads\/2024\/11\/Midsommar-FB-225x300.jpg 225w, https:\/\/strandhugget.com\/wp-content\/uploads\/2024\/11\/Midsommar-FB-1152x1536.jpg 1152w, https:\/\/strandhugget.com\/wp-content\/uploads\/2024\/11\/Midsommar-FB.jpg 1536w\" sizes=\"auto, (max-width: 768px) 100vw, 768px\" \/><\/figure>\n<\/div>\n<\/div>\n<\/div>\n\n\n\n<div class=\"wp-block-group has-global-padding is-layout-constrained wp-block-group-is-layout-constrained\">\n<div class=\"wp-block-columns is-layout-flex wp-container-core-columns-is-layout-28f84493 wp-block-columns-is-layout-flex\">\n<div class=\"wp-block-column is-layout-flow wp-block-column-is-layout-flow\"><ul class=\"wp-block-latest-posts__list has-dates has-author wp-block-latest-posts\"><\/ul><\/div>\n<\/div>\n<\/div>\n\n\n\n<div class=\"wp-block-columns is-layout-flex wp-container-core-columns-is-layout-28f84493 wp-block-columns-is-layout-flex\">\n<div class=\"wp-block-column is-layout-flow wp-block-column-is-layout-flow\"><\/div>\n<\/div>\n","protected":false},"excerpt":{"rendered":"<p>En ideell f\u00f6rening som skapar gemenskap och trivsel i omr\u00e5det. F\u00f6reningen ansvarar f\u00f6r sk\u00f6tsel av festplats samt badplats. Midsommarfirandet med dans runt st\u00e5ngen och lotterier \u00e4r en fin tradition som [&hellip;]<\/p>\n","protected":false},"author":1,"featured_media":0,"parent":0,"menu_order":0,"comment_status":"closed","ping_status":"closed","template":"","meta":{"_EventAllDay":false,"_EventTimezone":"","_EventStartDate":"","_EventEndDate":"","_EventStartDateUTC":"","_EventEndDateUTC":"","_EventShowMap":false,"_EventShowMapLink":false,"_EventURL":"","_EventCost":"","_EventCostDescription":"","_EventCurrencySymbol":"","_EventCurrencyCode":"","_EventCurrencyPosition":"","_EventDateTimeSeparator":"","_EventTimeRangeSeparator":"","_EventOrganizerID":[],"_EventVenueID":[],"_OrganizerEmail":"","_OrganizerPhone":"","_OrganizerWebsite":"","_VenueAddress":"","_VenueCity":"","_VenueCountry":"","_VenueProvince":"","_VenueState":"","_VenueZip":"","_VenuePhone":"","_VenueURL":"","_VenueStateProvince":"","_VenueLat":"","_VenueLng":"","_VenueShowMap":false,"_VenueShowMapLink":false,"footnotes":""},"class_list":["post-17","page","type-page","status-publish","hentry"],"_links":{"self":[{"href":"https:\/\/strandhugget.com\/index.php?rest_route=\/wp\/v2\/pages\/17","targetHints":{"allow":["GET"]}}],"collection":[{"href":"https:\/\/strandhugget.com\/index.php?rest_route=\/wp\/v2\/pages"}],"about":[{"href":"https:\/\/strandhugget.com\/index.php?rest_route=\/wp\/v2\/types\/page"}],"author":[{"embeddable":true,"href":"https:\/\/strandhugget.com\/index.php?rest_route=\/wp\/v2\/users\/1"}],"replies":[{"embeddable":true,"href":"https:\/\/strandhugget.com\/index.php?rest_route=%2Fwp%2Fv2%2Fcomments&post=17"}],"version-history":[{"count":12,"href":"https:\/\/strandhugget.com\/index.php?rest_route=\/wp\/v2\/pages\/17\/revisions"}],"predecessor-version":[{"id":123,"href":"https:\/\/strandhugget.com\/index.php?rest_route=\/wp\/v2\/pages\/17\/revisions\/123"}],"wp:attachment":[{"href":"https:\/\/strandhugget.com\/index.php?rest_route=%2Fwp%2Fv2%2Fmedia&parent=17"}],"curies":[{"name":"wp","href":"https:\/\/api.w.org\/{rel}","templated":true}]}}