{"id":15,"date":"2023-10-27T08:07:01","date_gmt":"2023-10-27T08:07:01","guid":{"rendered":"https:\/\/strandhugget.com\/?page_id=15"},"modified":"2024-11-13T09:01:35","modified_gmt":"2024-11-13T08:01:35","slug":"vagforeningen","status":"publish","type":"page","link":"https:\/\/strandhugget.com\/?page_id=15","title":{"rendered":"Strandhuggets v\u00e4gsamf\u00e4llighet"},"content":{"rendered":"\n<p>Gemensamhetsanl\u00e4ggningen bildades 1954 och f\u00f6rvaltar v\u00e4garna i Strandhugget<br>samt ytskiktet p\u00e5 bron \u00f6ver j\u00e4rnv\u00e4gen men inte konstruktionen i \u00f6vrigt. Medlemmar betalar en fast avgift en g\u00e5ng per \u00e5r. Medlemmar f\u00f6rv\u00e4ntas n\u00e4rvara vid \u00e5rsm\u00f6ten d\u00e4r beslut om avgifter, \u00e5tg\u00e4rder med mera fattas. F\u00f6reningen har idag 125 medlemmar. <\/p>\n\n\n\n<p>F\u00f6r att komma i kontakt med styrelsen <a href=\"http:\/\/temp\">klicka h\u00e4r<\/a><\/p>\n\n\n\n<div class=\"wp-block-columns is-layout-flex wp-container-core-columns-is-layout-28f84493 wp-block-columns-is-layout-flex\">\n<div class=\"wp-block-column is-layout-flow wp-block-column-is-layout-flow\"><ul class=\"wp-block-latest-posts__list has-dates has-author wp-block-latest-posts\"><\/ul><\/div>\n<\/div>\n\n\n\n<figure class=\"wp-block-image size-full\"><img loading=\"lazy\" decoding=\"async\" width=\"540\" height=\"960\" src=\"https:\/\/strandhugget.com\/wp-content\/uploads\/2024\/11\/Busshallplats-vinter.jpg\" alt=\"\" class=\"wp-image-100\" srcset=\"https:\/\/strandhugget.com\/wp-content\/uploads\/2024\/11\/Busshallplats-vinter.jpg 540w, https:\/\/strandhugget.com\/wp-content\/uploads\/2024\/11\/Busshallplats-vinter-169x300.jpg 169w\" sizes=\"auto, (max-width: 540px) 100vw, 540px\" \/><\/figure>\n","protected":false},"excerpt":{"rendered":"<p>Gemensamhetsanl\u00e4ggningen bildades 1954 och f\u00f6rvaltar v\u00e4garna i Strandhuggetsamt ytskiktet p\u00e5 bron \u00f6ver j\u00e4rnv\u00e4gen men inte konstruktionen i \u00f6vrigt. Medlemmar betalar en fast avgift en g\u00e5ng per \u00e5r. Medlemmar f\u00f6rv\u00e4ntas n\u00e4rvara [&hellip;]<\/p>\n","protected":false},"author":1,"featured_media":0,"parent":0,"menu_order":0,"comment_status":"closed","ping_status":"closed","template":"","meta":{"_EventAllDay":false,"_EventTimezone":"","_EventStartDate":"","_EventEndDate":"","_EventStartDateUTC":"","_EventEndDateUTC":"","_EventShowMap":false,"_EventShowMapLink":false,"_EventURL":"","_EventCost":"","_EventCostDescription":"","_EventCurrencySymbol":"","_EventCurrencyCode":"","_EventCurrencyPosition":"","_EventDateTimeSeparator":"","_EventTimeRangeSeparator":"","_EventOrganizerID":[],"_EventVenueID":[],"_OrganizerEmail":"","_OrganizerPhone":"","_OrganizerWebsite":"","_VenueAddress":"","_VenueCity":"","_VenueCountry":"","_VenueProvince":"","_VenueState":"","_VenueZip":"","_VenuePhone":"","_VenueURL":"","_VenueStateProvince":"","_VenueLat":"","_VenueLng":"","_VenueShowMap":false,"_VenueShowMapLink":false,"footnotes":""},"class_list":["post-15","page","type-page","status-publish","hentry"],"_links":{"self":[{"href":"https:\/\/strandhugget.com\/index.php?rest_route=\/wp\/v2\/pages\/15","targetHints":{"allow":["GET"]}}],"collection":[{"href":"https:\/\/strandhugget.com\/index.php?rest_route=\/wp\/v2\/pages"}],"about":[{"href":"https:\/\/strandhugget.com\/index.php?rest_route=\/wp\/v2\/types\/page"}],"author":[{"embeddable":true,"href":"https:\/\/strandhugget.com\/index.php?rest_route=\/wp\/v2\/users\/1"}],"replies":[{"embeddable":true,"href":"https:\/\/strandhugget.com\/index.php?rest_route=%2Fwp%2Fv2%2Fcomments&post=15"}],"version-history":[{"count":11,"href":"https:\/\/strandhugget.com\/index.php?rest_route=\/wp\/v2\/pages\/15\/revisions"}],"predecessor-version":[{"id":129,"href":"https:\/\/strandhugget.com\/index.php?rest_route=\/wp\/v2\/pages\/15\/revisions\/129"}],"wp:attachment":[{"href":"https:\/\/strandhugget.com\/index.php?rest_route=%2Fwp%2Fv2%2Fmedia&parent=15"}],"curies":[{"name":"wp","href":"https:\/\/api.w.org\/{rel}","templated":true}]}}